{"id":15,"date":"2024-02-03T16:19:51","date_gmt":"2024-02-03T21:19:51","guid":{"rendered":"https:\/\/guiagay.com.co\/newsite\/?page_id=15"},"modified":"2026-02-20T17:28:21","modified_gmt":"2026-02-20T22:28:21","slug":"contacto","status":"publish","type":"page","link":"https:\/\/guiagay.com.co\/en\/contacto\/","title":{"rendered":"Contact"},"content":{"rendered":"<div data-elementor-type=\"wp-page\" data-elementor-id=\"15\" class=\"elementor elementor-15\" data-elementor-post-type=\"page\">\n\t\t\t\t<div class=\"elementor-element elementor-element-601f082 e-flex e-con-boxed e-con e-parent\" data-id=\"601f082\" data-element_type=\"container\" data-e-type=\"container\">\n\t\t\t\t\t<div class=\"e-con-inner\">\n\t\t\t\t<div class=\"elementor-element elementor-element-d3871ed elementor-widget elementor-widget-heading\" data-id=\"d3871ed\" data-element_type=\"widget\" data-e-type=\"widget\" data-widget_type=\"heading.default\">\n\t\t\t\t\t<h1 class=\"elementor-heading-title elementor-size-default\">Contact us<\/h1>\t\t\t\t<\/div>\n\t\t\t\t\t<\/div>\n\t\t\t\t<\/div>\n\t\t<div class=\"elementor-element elementor-element-f462214 e-flex e-con-boxed e-con e-parent\" data-id=\"f462214\" data-element_type=\"container\" data-e-type=\"container\">\n\t\t\t\t\t<div class=\"e-con-inner\">\n\t\t<div class=\"elementor-element elementor-element-4bbdb4a e-con-full e-flex e-con e-child\" data-id=\"4bbdb4a\" data-element_type=\"container\" data-e-type=\"container\" data-settings=\"{&quot;background_background&quot;:&quot;classic&quot;}\">\n\t\t\t\t<div class=\"elementor-element elementor-element-66d418b elementor-widget elementor-widget-heading\" data-id=\"66d418b\" data-element_type=\"widget\" data-e-type=\"widget\" data-widget_type=\"heading.default\">\n\t\t\t\t\t<h3 class=\"elementor-heading-title elementor-size-default\">We want to give an answer to your entertainment needs, and pattern<\/h3>\t\t\t\t<\/div>\n\t\t\t\t<div class=\"elementor-element elementor-element-6191654 elementor-widget elementor-widget-text-editor\" data-id=\"6191654\" data-element_type=\"widget\" data-e-type=\"widget\" data-widget_type=\"text-editor.default\">\n\t\t\t\t\t\t\t\t\t<p>Send us your message, and soon one of the people of our team will be communicating with you. Thank you!<\/p>\t\t\t\t\t\t\t\t<\/div>\n\t\t\t\t<\/div>\n\t\t<div class=\"elementor-element elementor-element-d1e7fad e-con-full e-flex e-con e-child\" data-id=\"d1e7fad\" data-element_type=\"container\" data-e-type=\"container\" data-settings=\"{&quot;background_background&quot;:&quot;classic&quot;}\">\n\t\t\t\t<div class=\"elementor-element elementor-element-eaeb0ae elementor-button-align-stretch elementor-widget elementor-widget-form\" data-id=\"eaeb0ae\" data-element_type=\"widget\" data-e-type=\"widget\" data-settings=\"{&quot;step_next_label&quot;:&quot;Next&quot;,&quot;step_previous_label&quot;:&quot;Previous&quot;,&quot;button_width&quot;:&quot;25&quot;,&quot;step_type&quot;:&quot;number_text&quot;,&quot;step_icon_shape&quot;:&quot;circle&quot;}\" data-widget_type=\"form.default\">\n\t\t\t\t\t\t\t<form class=\"elementor-form\" method=\"post\" name=\"New Form\" aria-label=\"New Form\" action=\"\">\n\t\t\t<input type=\"hidden\" name=\"post_id\" value=\"15\"\/>\n\t\t\t<input type=\"hidden\" name=\"form_id\" value=\"eaeb0ae\"\/>\n\t\t\t<input type=\"hidden\" name=\"referer_title\" value=\"Contacto - Gu\u00eda Gay Medell\u00edn\" \/>\n\n\t\t\t\t\t\t\t<input type=\"hidden\" name=\"queried_id\" value=\"15\"\/>\n\t\t\t\n\t\t\t<div class=\"elementor-form-fields-wrapper elementor-labels-above\">\n\t\t\t\t\t\t\t\t<div class=\"elementor-field-type-text elementor-field-group elementor-column elementor-field-group-name elementor-col-100\">\n\t\t\t\t\t\t\t\t\t\t\t\t\t<input size=\"1\" type=\"text\" name=\"form_fields[name]\" id=\"form-field-name\" class=\"elementor-field elementor-size-sm  elementor-field-textual\" placeholder=\"Name\">\n\t\t\t\t\t\t\t\t\t\t\t<\/div>\n\t\t\t\t\t\t\t\t<div class=\"elementor-field-type-email elementor-field-group elementor-column elementor-field-group-email elementor-col-100 elementor-field-required\">\n\t\t\t\t\t\t\t\t\t\t\t\t\t<input size=\"1\" type=\"email\" name=\"form_fields[email]\" id=\"form-field-email\" class=\"elementor-field elementor-size-sm  elementor-field-textual\" placeholder=\"Email\" required=\"required\">\n\t\t\t\t\t\t\t\t\t\t\t<\/div>\n\t\t\t\t\t\t\t\t<div class=\"elementor-field-type-textarea elementor-field-group elementor-column elementor-field-group-message elementor-col-100\">\n\t\t\t\t\t<textarea class=\"elementor-field-textual elementor-field  elementor-size-sm\" name=\"form_fields[message]\" id=\"form-field-message\" rows=\"4\" placeholder=\"Message\"><\/textarea>\t\t\t\t<\/div>\n\t\t\t\t\t\t\t\t<div class=\"elementor-field-group elementor-column elementor-field-type-submit elementor-col-25 e-form__buttons\">\n\t\t\t\t\t<button class=\"elementor-button elementor-size-sm\" type=\"submit\">\n\t\t\t\t\t\t<span class=\"elementor-button-content-wrapper\">\n\t\t\t\t\t\t\t\t\t\t\t\t\t\t\t\t\t\t\t\t\t\t<span class=\"elementor-button-text\">Send<\/span>\n\t\t\t\t\t\t\t\t\t\t\t\t\t<\/span>\n\t\t\t\t\t<\/button>\n\t\t\t\t<\/div>\n\t\t\t<\/div>\n\t\t<input type=\"hidden\" name=\"trp-form-language\" value=\"en\"\/><\/form>\n\t\t\t\t\t\t<\/div>\n\t\t\t\t<\/div>\n\t\t\t\t\t<\/div>\n\t\t\t\t<\/div>\n\t\t\t\t<\/div>\n\t\t<div style='text-align:center' class='yasr-auto-insert-visitor'><\/div>","protected":false},"excerpt":{"rendered":"<p>Cont\u00e1ctanos Queremos dar respuesta a tus necesidades de entretenimiento y pauta Env\u00edanos tu mensaje y en breve una de las personas de nuestro equipo se estar\u00e1 comunicando contigo. \u00a1Gracias!<\/p>","protected":false},"author":1,"featured_media":0,"parent":0,"menu_order":0,"comment_status":"closed","ping_status":"closed","template":"elementor_header_footer","meta":{"_acf_changed":false,"inline_featured_image":false,"yasr_overall_rating":0,"yasr_post_is_review":"","yasr_auto_insert_disabled":"","yasr_review_type":"","footnotes":""},"class_list":["post-15","page","type-page","status-publish","hentry"],"acf":[],"yoast_head":"<!-- This site is optimized with the Yoast SEO plugin v26.0 - https:\/\/yoast.com\/wordpress\/plugins\/seo\/ -->\n<title>Contacto - Gu\u00eda Gay Medell\u00edn<\/title>\n<meta name=\"robots\" content=\"index, follow, max-snippet:-1, max-image-preview:large, max-video-preview:-1\" \/>\n<link rel=\"canonical\" href=\"https:\/\/guiagay.com.co\/en\/contacto\/\" \/>\n<meta property=\"og:locale\" content=\"en_US\" \/>\n<meta property=\"og:type\" content=\"article\" \/>\n<meta property=\"og:title\" content=\"Contacto - Gu\u00eda Gay Medell\u00edn\" \/>\n<meta property=\"og:description\" content=\"Cont\u00e1ctanos Queremos dar respuesta a tus necesidades de entretenimiento y pauta Env\u00edanos tu mensaje y en breve una de las personas de nuestro equipo se estar\u00e1 comunicando contigo. \u00a1Gracias!\" \/>\n<meta property=\"og:url\" content=\"https:\/\/guiagay.com.co\/en\/contacto\/\" \/>\n<meta property=\"og:site_name\" content=\"Gu\u00eda Gay Medell\u00edn\" \/>\n<meta property=\"article:modified_time\" content=\"2026-02-20T22:28:21+00:00\" \/>\n<meta name=\"twitter:card\" content=\"summary_large_image\" \/>\n<meta name=\"twitter:label1\" content=\"Est. reading time\" \/>\n\t<meta name=\"twitter:data1\" content=\"1 minute\" \/>\n<script type=\"application\/ld+json\" class=\"yoast-schema-graph\">{\"@context\":\"https:\/\/schema.org\",\"@graph\":[{\"@type\":\"WebPage\",\"@id\":\"https:\/\/guiagay.com.co\/contacto\/\",\"url\":\"https:\/\/guiagay.com.co\/contacto\/\",\"name\":\"Contacto - Gu\u00eda Gay Medell\u00edn\",\"isPartOf\":{\"@id\":\"https:\/\/guiagay.com.co\/#website\"},\"datePublished\":\"2024-02-03T21:19:51+00:00\",\"dateModified\":\"2026-02-20T22:28:21+00:00\",\"breadcrumb\":{\"@id\":\"https:\/\/guiagay.com.co\/contacto\/#breadcrumb\"},\"inLanguage\":\"en-US\",\"potentialAction\":[{\"@type\":\"ReadAction\",\"target\":[\"https:\/\/guiagay.com.co\/contacto\/\"]}]},{\"@type\":\"BreadcrumbList\",\"@id\":\"https:\/\/guiagay.com.co\/contacto\/#breadcrumb\",\"itemListElement\":[{\"@type\":\"ListItem\",\"position\":1,\"name\":\"Inicio\",\"item\":\"https:\/\/guiagay.com.co\/\"},{\"@type\":\"ListItem\",\"position\":2,\"name\":\"Contacto\"}]},{\"@type\":\"WebSite\",\"@id\":\"https:\/\/guiagay.com.co\/#website\",\"url\":\"https:\/\/guiagay.com.co\/\",\"name\":\"Gu\u00eda Gay Medell\u00edn\",\"description\":\"La Gu\u00eda Gay de Medell\u00edn cuenta con la m\u00e1s variada oferta de sitios, eventos y tours de inter\u00e9s para las personas LGBT. Contamos con m\u00e1s de una d\u00e9cada ofreciendo la mejor informaci\u00f3n y conexi\u00f3n con la agenda diversa de Medell\u00edn. Conectate con nosotros y no te pierdas de nada\",\"publisher\":{\"@id\":\"https:\/\/guiagay.com.co\/#organization\"},\"potentialAction\":[{\"@type\":\"SearchAction\",\"target\":{\"@type\":\"EntryPoint\",\"urlTemplate\":\"https:\/\/guiagay.com.co\/?s={search_term_string}\"},\"query-input\":{\"@type\":\"PropertyValueSpecification\",\"valueRequired\":true,\"valueName\":\"search_term_string\"}}],\"inLanguage\":\"en-US\"},{\"@type\":\"Organization\",\"@id\":\"https:\/\/guiagay.com.co\/#organization\",\"name\":\"Gu\u00eda Gay Medell\u00edn\",\"url\":\"https:\/\/guiagay.com.co\/\",\"logo\":{\"@type\":\"ImageObject\",\"inLanguage\":\"en-US\",\"@id\":\"https:\/\/guiagay.com.co\/#\/schema\/logo\/image\/\",\"url\":\"https:\/\/guiagay.com.co\/wp-content\/uploads\/2024\/02\/Recurso-1Guia-gay.png\",\"contentUrl\":\"https:\/\/guiagay.com.co\/wp-content\/uploads\/2024\/02\/Recurso-1Guia-gay.png\",\"width\":162,\"height\":78,\"caption\":\"Gu\u00eda Gay Medell\u00edn\"},\"image\":{\"@id\":\"https:\/\/guiagay.com.co\/#\/schema\/logo\/image\/\"}},false]}<\/script>\n<!-- \/ Yoast SEO plugin. -->","yoast_head_json":{"title":"Contacto - Gu\u00eda Gay Medell\u00edn","robots":{"index":"index","follow":"follow","max-snippet":"max-snippet:-1","max-image-preview":"max-image-preview:large","max-video-preview":"max-video-preview:-1"},"canonical":"https:\/\/guiagay.com.co\/en\/contacto\/","og_locale":"en_US","og_type":"article","og_title":"Contacto - Gu\u00eda Gay Medell\u00edn","og_description":"Cont\u00e1ctanos Queremos dar respuesta a tus necesidades de entretenimiento y pauta Env\u00edanos tu mensaje y en breve una de las personas de nuestro equipo se estar\u00e1 comunicando contigo. \u00a1Gracias!","og_url":"https:\/\/guiagay.com.co\/en\/contacto\/","og_site_name":"Gu\u00eda Gay Medell\u00edn","article_modified_time":"2026-02-20T22:28:21+00:00","twitter_card":"summary_large_image","twitter_misc":{"Est. reading time":"1 minute"},"schema":{"@context":"https:\/\/schema.org","@graph":[{"@type":"WebPage","@id":"https:\/\/guiagay.com.co\/contacto\/","url":"https:\/\/guiagay.com.co\/contacto\/","name":"Contacto - Gu\u00eda Gay Medell\u00edn","isPartOf":{"@id":"https:\/\/guiagay.com.co\/#website"},"datePublished":"2024-02-03T21:19:51+00:00","dateModified":"2026-02-20T22:28:21+00:00","breadcrumb":{"@id":"https:\/\/guiagay.com.co\/contacto\/#breadcrumb"},"inLanguage":"en-US","potentialAction":[{"@type":"ReadAction","target":["https:\/\/guiagay.com.co\/contacto\/"]}]},{"@type":"BreadcrumbList","@id":"https:\/\/guiagay.com.co\/contacto\/#breadcrumb","itemListElement":[{"@type":"ListItem","position":1,"name":"Inicio","item":"https:\/\/guiagay.com.co\/"},{"@type":"ListItem","position":2,"name":"Contacto"}]},{"@type":"WebSite","@id":"https:\/\/guiagay.com.co\/#website","url":"https:\/\/guiagay.com.co\/","name":"Gay Guide To Medellin","description":"The Gay Guide to Medellin has the most varied range of sites, events, and tours of interest to LGBT people. We have over a decade offering the best information and connection with the different agenda of Medellin. Log in with us and don&#039;t miss anything","publisher":{"@id":"https:\/\/guiagay.com.co\/#organization"},"potentialAction":[{"@type":"SearchAction","target":{"@type":"EntryPoint","urlTemplate":"https:\/\/guiagay.com.co\/?s={search_term_string}"},"query-input":{"@type":"PropertyValueSpecification","valueRequired":true,"valueName":"search_term_string"}}],"inLanguage":"en-US"},{"@type":"Organization","@id":"https:\/\/guiagay.com.co\/#organization","name":"Gay Guide To Medellin","url":"https:\/\/guiagay.com.co\/","logo":{"@type":"ImageObject","inLanguage":"en-US","@id":"https:\/\/guiagay.com.co\/#\/schema\/logo\/image\/","url":"https:\/\/guiagay.com.co\/wp-content\/uploads\/2024\/02\/Recurso-1Guia-gay.png","contentUrl":"https:\/\/guiagay.com.co\/wp-content\/uploads\/2024\/02\/Recurso-1Guia-gay.png","width":162,"height":78,"caption":"Gu\u00eda Gay Medell\u00edn"},"image":{"@id":"https:\/\/guiagay.com.co\/#\/schema\/logo\/image\/"}},false]}},"yasr_visitor_votes":{"stars_attributes":{"read_only":false,"span_bottom":false},"number_of_votes":0,"sum_votes":0},"publishpress_future_action":{"enabled":false,"date":"2026-05-17 08:01:14","action":"change-status","newStatus":"draft","terms":[],"taxonomy":"","extraData":[]},"publishpress_future_workflow_manual_trigger":{"enabledWorkflows":[]},"_links":{"self":[{"href":"https:\/\/guiagay.com.co\/en\/wp-json\/wp\/v2\/pages\/15","targetHints":{"allow":["GET"]}}],"collection":[{"href":"https:\/\/guiagay.com.co\/en\/wp-json\/wp\/v2\/pages"}],"about":[{"href":"https:\/\/guiagay.com.co\/en\/wp-json\/wp\/v2\/types\/page"}],"author":[{"embeddable":true,"href":"https:\/\/guiagay.com.co\/en\/wp-json\/wp\/v2\/users\/1"}],"replies":[{"embeddable":true,"href":"https:\/\/guiagay.com.co\/en\/wp-json\/wp\/v2\/comments?post=15"}],"version-history":[{"count":6,"href":"https:\/\/guiagay.com.co\/en\/wp-json\/wp\/v2\/pages\/15\/revisions"}],"predecessor-version":[{"id":6593,"href":"https:\/\/guiagay.com.co\/en\/wp-json\/wp\/v2\/pages\/15\/revisions\/6593"}],"wp:attachment":[{"href":"https:\/\/guiagay.com.co\/en\/wp-json\/wp\/v2\/media?parent=15"}],"curies":[{"name":"wp","href":"https:\/\/api.w.org\/{rel}","templated":true}]}}